{"id":196,"date":"2019-01-18T10:01:23","date_gmt":"2019-01-18T10:01:23","guid":{"rendered":"http:\/\/metc.ie\/newsite\/?page_id=196"},"modified":"2025-07-24T14:09:48","modified_gmt":"2025-07-24T14:09:48","slug":"facilities-services","status":"publish","type":"page","link":"https:\/\/metc.ie\/index.php\/facilities-services\/","title":{"rendered":"\u00c1iseanna agus Seirbh\u00eds\u00ed \/ Facilities and Services"},"content":{"rendered":"\t\t<div data-elementor-type=\"wp-page\" data-elementor-id=\"196\" class=\"elementor elementor-196\">\n\t\t\t\t\t\t<section class=\"elementor-section elementor-top-section elementor-element elementor-element-895e8ed elementor-section-boxed elementor-section-height-default elementor-section-height-default\" data-id=\"895e8ed\" data-element_type=\"section\" data-e-type=\"section\">\n\t\t\t\t\t\t<div class=\"elementor-container elementor-column-gap-default\">\n\t\t\t\t\t<div class=\"elementor-column elementor-col-25 elementor-top-column elementor-element elementor-element-8a4b2ff\" data-id=\"8a4b2ff\" data-element_type=\"column\" data-e-type=\"column\">\n\t\t\t<div class=\"elementor-widget-wrap elementor-element-populated\">\n\t\t\t\t\t\t<div class=\"elementor-element elementor-element-f77c8c4 elementor-widget elementor-widget-image\" data-id=\"f77c8c4\" data-element_type=\"widget\" data-e-type=\"widget\" data-widget_type=\"image.default\">\n\t\t\t\t<div class=\"elementor-widget-container\">\n\t\t\t\t\t\t\t\t\t\t\t\t\t\t\t<img fetchpriority=\"high\" decoding=\"async\" width=\"1024\" height=\"768\" src=\"https:\/\/metc.ie\/wp-content\/uploads\/2022\/05\/MEC-1024x768.jpg\" class=\"attachment-large size-large wp-image-4557\" alt=\"\" srcset=\"https:\/\/metc.ie\/wp-content\/uploads\/2022\/05\/MEC-1024x768.jpg 1024w, https:\/\/metc.ie\/wp-content\/uploads\/2022\/05\/MEC-300x225.jpg 300w, https:\/\/metc.ie\/wp-content\/uploads\/2022\/05\/MEC-768x576.jpg 768w, https:\/\/metc.ie\/wp-content\/uploads\/2022\/05\/MEC-1536x1152.jpg 1536w, https:\/\/metc.ie\/wp-content\/uploads\/2022\/05\/MEC-380x285.jpg 380w, https:\/\/metc.ie\/wp-content\/uploads\/2022\/05\/MEC-285x214.jpg 285w, https:\/\/metc.ie\/wp-content\/uploads\/2022\/05\/MEC.jpg 2016w\" sizes=\"(max-width: 1024px) 100vw, 1024px\" \/>\t\t\t\t\t\t\t\t\t\t\t\t\t\t\t<\/div>\n\t\t\t\t<\/div>\n\t\t\t\t\t<\/div>\n\t\t<\/div>\n\t\t\t\t<div class=\"elementor-column elementor-col-25 elementor-top-column elementor-element elementor-element-b7a2389\" data-id=\"b7a2389\" data-element_type=\"column\" data-e-type=\"column\">\n\t\t\t<div class=\"elementor-widget-wrap elementor-element-populated\">\n\t\t\t\t\t\t<div class=\"elementor-element elementor-element-8c915e1 elementor-widget elementor-widget-image\" data-id=\"8c915e1\" data-element_type=\"widget\" data-e-type=\"widget\" data-widget_type=\"image.default\">\n\t\t\t\t<div class=\"elementor-widget-container\">\n\t\t\t\t\t\t\t\t\t\t\t\t\t\t\t<img decoding=\"async\" width=\"1024\" height=\"768\" src=\"https:\/\/metc.ie\/wp-content\/uploads\/2022\/11\/An-Halla-Mor-1024x768.jpg\" class=\"attachment-large size-large wp-image-5005\" alt=\"\" srcset=\"https:\/\/metc.ie\/wp-content\/uploads\/2022\/11\/An-Halla-Mor-1024x768.jpg 1024w, https:\/\/metc.ie\/wp-content\/uploads\/2022\/11\/An-Halla-Mor-300x225.jpg 300w, https:\/\/metc.ie\/wp-content\/uploads\/2022\/11\/An-Halla-Mor-768x576.jpg 768w, https:\/\/metc.ie\/wp-content\/uploads\/2022\/11\/An-Halla-Mor-1536x1152.jpg 1536w, https:\/\/metc.ie\/wp-content\/uploads\/2022\/11\/An-Halla-Mor-380x285.jpg 380w, https:\/\/metc.ie\/wp-content\/uploads\/2022\/11\/An-Halla-Mor-285x214.jpg 285w, https:\/\/metc.ie\/wp-content\/uploads\/2022\/11\/An-Halla-Mor.jpg 2016w\" sizes=\"(max-width: 1024px) 100vw, 1024px\" \/>\t\t\t\t\t\t\t\t\t\t\t\t\t\t\t<\/div>\n\t\t\t\t<\/div>\n\t\t\t\t\t<\/div>\n\t\t<\/div>\n\t\t\t\t<div class=\"elementor-column elementor-col-25 elementor-top-column elementor-element elementor-element-65242de\" data-id=\"65242de\" data-element_type=\"column\" data-e-type=\"column\">\n\t\t\t<div class=\"elementor-widget-wrap elementor-element-populated\">\n\t\t\t\t\t\t<div class=\"elementor-element elementor-element-68c35a9 elementor-widget elementor-widget-image\" data-id=\"68c35a9\" data-element_type=\"widget\" data-e-type=\"widget\" data-widget_type=\"image.default\">\n\t\t\t\t<div class=\"elementor-widget-container\">\n\t\t\t\t\t\t\t\t\t\t\t\t\t\t\t<img decoding=\"async\" width=\"1024\" height=\"768\" src=\"https:\/\/metc.ie\/wp-content\/uploads\/2022\/05\/IMG_5952-1024x768.jpg\" class=\"attachment-large size-large wp-image-4561\" alt=\"\" srcset=\"https:\/\/metc.ie\/wp-content\/uploads\/2022\/05\/IMG_5952-1024x768.jpg 1024w, https:\/\/metc.ie\/wp-content\/uploads\/2022\/05\/IMG_5952-300x225.jpg 300w, https:\/\/metc.ie\/wp-content\/uploads\/2022\/05\/IMG_5952-768x576.jpg 768w, https:\/\/metc.ie\/wp-content\/uploads\/2022\/05\/IMG_5952-1536x1152.jpg 1536w, https:\/\/metc.ie\/wp-content\/uploads\/2022\/05\/IMG_5952-380x285.jpg 380w, https:\/\/metc.ie\/wp-content\/uploads\/2022\/05\/IMG_5952-285x214.jpg 285w, https:\/\/metc.ie\/wp-content\/uploads\/2022\/05\/IMG_5952.jpg 2016w\" sizes=\"(max-width: 1024px) 100vw, 1024px\" \/>\t\t\t\t\t\t\t\t\t\t\t\t\t\t\t<\/div>\n\t\t\t\t<\/div>\n\t\t\t\t\t<\/div>\n\t\t<\/div>\n\t\t\t\t<div class=\"elementor-column elementor-col-25 elementor-top-column elementor-element elementor-element-6fdd9b1\" data-id=\"6fdd9b1\" data-element_type=\"column\" data-e-type=\"column\">\n\t\t\t<div class=\"elementor-widget-wrap elementor-element-populated\">\n\t\t\t\t\t\t<div class=\"elementor-element elementor-element-ad4f56e elementor-widget elementor-widget-image\" data-id=\"ad4f56e\" data-element_type=\"widget\" data-e-type=\"widget\" data-widget_type=\"image.default\">\n\t\t\t\t<div class=\"elementor-widget-container\">\n\t\t\t\t\t\t\t\t\t\t\t\t\t\t\t<img loading=\"lazy\" decoding=\"async\" width=\"1024\" height=\"768\" src=\"https:\/\/metc.ie\/wp-content\/uploads\/2022\/05\/IMG_6214-1024x768.jpg\" class=\"attachment-large size-large wp-image-4562\" alt=\"\" srcset=\"https:\/\/metc.ie\/wp-content\/uploads\/2022\/05\/IMG_6214-1024x768.jpg 1024w, https:\/\/metc.ie\/wp-content\/uploads\/2022\/05\/IMG_6214-300x225.jpg 300w, https:\/\/metc.ie\/wp-content\/uploads\/2022\/05\/IMG_6214-768x576.jpg 768w, https:\/\/metc.ie\/wp-content\/uploads\/2022\/05\/IMG_6214-1536x1152.jpg 1536w, https:\/\/metc.ie\/wp-content\/uploads\/2022\/05\/IMG_6214-2048x1536.jpg 2048w, https:\/\/metc.ie\/wp-content\/uploads\/2022\/05\/IMG_6214-380x285.jpg 380w, https:\/\/metc.ie\/wp-content\/uploads\/2022\/05\/IMG_6214-285x214.jpg 285w\" sizes=\"(max-width: 1024px) 100vw, 1024px\" \/>\t\t\t\t\t\t\t\t\t\t\t\t\t\t\t<\/div>\n\t\t\t\t<\/div>\n\t\t\t\t\t<\/div>\n\t\t<\/div>\n\t\t\t\t\t<\/div>\n\t\t<\/section>\n\t\t\t\t<section class=\"elementor-section elementor-top-section elementor-element elementor-element-27c6ada elementor-section-boxed elementor-section-height-default elementor-section-height-default\" data-id=\"27c6ada\" data-element_type=\"section\" data-e-type=\"section\">\n\t\t\t\t\t\t<div class=\"elementor-container elementor-column-gap-default\">\n\t\t\t\t\t<div class=\"elementor-column elementor-col-25 elementor-top-column elementor-element elementor-element-dc822dd\" data-id=\"dc822dd\" data-element_type=\"column\" data-e-type=\"column\">\n\t\t\t<div class=\"elementor-widget-wrap elementor-element-populated\">\n\t\t\t\t\t\t<div class=\"elementor-element elementor-element-a4622c1 elementor-widget elementor-widget-image\" data-id=\"a4622c1\" data-element_type=\"widget\" data-e-type=\"widget\" data-widget_type=\"image.default\">\n\t\t\t\t<div class=\"elementor-widget-container\">\n\t\t\t\t\t\t\t\t\t\t\t\t\t\t\t<img loading=\"lazy\" decoding=\"async\" width=\"1024\" height=\"768\" src=\"https:\/\/metc.ie\/wp-content\/uploads\/2022\/11\/Library-1024x768.jpg\" class=\"attachment-large size-large wp-image-5009\" alt=\"\" srcset=\"https:\/\/metc.ie\/wp-content\/uploads\/2022\/11\/Library-1024x768.jpg 1024w, https:\/\/metc.ie\/wp-content\/uploads\/2022\/11\/Library-300x225.jpg 300w, https:\/\/metc.ie\/wp-content\/uploads\/2022\/11\/Library-768x576.jpg 768w, https:\/\/metc.ie\/wp-content\/uploads\/2022\/11\/Library-1536x1152.jpg 1536w, https:\/\/metc.ie\/wp-content\/uploads\/2022\/11\/Library-380x285.jpg 380w, https:\/\/metc.ie\/wp-content\/uploads\/2022\/11\/Library-285x214.jpg 285w, https:\/\/metc.ie\/wp-content\/uploads\/2022\/11\/Library.jpg 2048w\" sizes=\"(max-width: 1024px) 100vw, 1024px\" \/>\t\t\t\t\t\t\t\t\t\t\t\t\t\t\t<\/div>\n\t\t\t\t<\/div>\n\t\t\t\t\t<\/div>\n\t\t<\/div>\n\t\t\t\t<div class=\"elementor-column elementor-col-25 elementor-top-column elementor-element elementor-element-3974798\" data-id=\"3974798\" data-element_type=\"column\" data-e-type=\"column\">\n\t\t\t<div class=\"elementor-widget-wrap elementor-element-populated\">\n\t\t\t\t\t\t<div class=\"elementor-element elementor-element-a2e932b elementor-widget elementor-widget-image\" data-id=\"a2e932b\" data-element_type=\"widget\" data-e-type=\"widget\" data-widget_type=\"image.default\">\n\t\t\t\t<div class=\"elementor-widget-container\">\n\t\t\t\t\t\t\t\t\t\t\t\t\t\t\t<img loading=\"lazy\" decoding=\"async\" width=\"1024\" height=\"768\" src=\"https:\/\/metc.ie\/wp-content\/uploads\/2022\/11\/library-1-1024x768.jpg\" class=\"attachment-large size-large wp-image-5011\" alt=\"\" srcset=\"https:\/\/metc.ie\/wp-content\/uploads\/2022\/11\/library-1-1024x768.jpg 1024w, https:\/\/metc.ie\/wp-content\/uploads\/2022\/11\/library-1-300x225.jpg 300w, https:\/\/metc.ie\/wp-content\/uploads\/2022\/11\/library-1-768x576.jpg 768w, https:\/\/metc.ie\/wp-content\/uploads\/2022\/11\/library-1-1536x1152.jpg 1536w, https:\/\/metc.ie\/wp-content\/uploads\/2022\/11\/library-1-380x285.jpg 380w, https:\/\/metc.ie\/wp-content\/uploads\/2022\/11\/library-1-285x214.jpg 285w, https:\/\/metc.ie\/wp-content\/uploads\/2022\/11\/library-1.jpg 2048w\" sizes=\"(max-width: 1024px) 100vw, 1024px\" \/>\t\t\t\t\t\t\t\t\t\t\t\t\t\t\t<\/div>\n\t\t\t\t<\/div>\n\t\t\t\t\t<\/div>\n\t\t<\/div>\n\t\t\t\t<div class=\"elementor-column elementor-col-25 elementor-top-column elementor-element elementor-element-d1ffe86\" data-id=\"d1ffe86\" data-element_type=\"column\" data-e-type=\"column\">\n\t\t\t<div class=\"elementor-widget-wrap elementor-element-populated\">\n\t\t\t\t\t\t<div class=\"elementor-element elementor-element-88c85cd elementor-widget elementor-widget-image\" data-id=\"88c85cd\" data-element_type=\"widget\" data-e-type=\"widget\" data-widget_type=\"image.default\">\n\t\t\t\t<div class=\"elementor-widget-container\">\n\t\t\t\t\t\t\t\t\t\t\t\t\t\t\t<img loading=\"lazy\" decoding=\"async\" width=\"1024\" height=\"768\" src=\"https:\/\/metc.ie\/wp-content\/uploads\/2022\/11\/RR3-1024x768.jpg\" class=\"attachment-large size-large wp-image-5012\" alt=\"\" srcset=\"https:\/\/metc.ie\/wp-content\/uploads\/2022\/11\/RR3-1024x768.jpg 1024w, https:\/\/metc.ie\/wp-content\/uploads\/2022\/11\/RR3-300x225.jpg 300w, https:\/\/metc.ie\/wp-content\/uploads\/2022\/11\/RR3-768x576.jpg 768w, https:\/\/metc.ie\/wp-content\/uploads\/2022\/11\/RR3-1536x1152.jpg 1536w, https:\/\/metc.ie\/wp-content\/uploads\/2022\/11\/RR3-2048x1536.jpg 2048w, https:\/\/metc.ie\/wp-content\/uploads\/2022\/11\/RR3-380x285.jpg 380w, https:\/\/metc.ie\/wp-content\/uploads\/2022\/11\/RR3-285x214.jpg 285w\" sizes=\"(max-width: 1024px) 100vw, 1024px\" \/>\t\t\t\t\t\t\t\t\t\t\t\t\t\t\t<\/div>\n\t\t\t\t<\/div>\n\t\t\t\t\t<\/div>\n\t\t<\/div>\n\t\t\t\t<div class=\"elementor-column elementor-col-25 elementor-top-column elementor-element elementor-element-4a0e354\" data-id=\"4a0e354\" data-element_type=\"column\" data-e-type=\"column\">\n\t\t\t<div class=\"elementor-widget-wrap elementor-element-populated\">\n\t\t\t\t\t\t<div class=\"elementor-element elementor-element-7a9b9d8 elementor-widget elementor-widget-image\" data-id=\"7a9b9d8\" data-element_type=\"widget\" data-e-type=\"widget\" data-widget_type=\"image.default\">\n\t\t\t\t<div class=\"elementor-widget-container\">\n\t\t\t\t\t\t\t\t\t\t\t\t\t\t\t<img loading=\"lazy\" decoding=\"async\" width=\"1024\" height=\"768\" src=\"https:\/\/metc.ie\/wp-content\/uploads\/2022\/11\/Reception-1024x768.jpg\" class=\"attachment-large size-large wp-image-5006\" alt=\"\" srcset=\"https:\/\/metc.ie\/wp-content\/uploads\/2022\/11\/Reception-1024x768.jpg 1024w, https:\/\/metc.ie\/wp-content\/uploads\/2022\/11\/Reception-300x225.jpg 300w, https:\/\/metc.ie\/wp-content\/uploads\/2022\/11\/Reception-768x576.jpg 768w, https:\/\/metc.ie\/wp-content\/uploads\/2022\/11\/Reception-1536x1152.jpg 1536w, https:\/\/metc.ie\/wp-content\/uploads\/2022\/11\/Reception-380x285.jpg 380w, https:\/\/metc.ie\/wp-content\/uploads\/2022\/11\/Reception-285x214.jpg 285w, https:\/\/metc.ie\/wp-content\/uploads\/2022\/11\/Reception.jpg 2016w\" sizes=\"(max-width: 1024px) 100vw, 1024px\" \/>\t\t\t\t\t\t\t\t\t\t\t\t\t\t\t<\/div>\n\t\t\t\t<\/div>\n\t\t\t\t\t<\/div>\n\t\t<\/div>\n\t\t\t\t\t<\/div>\n\t\t<\/section>\n\t\t\t\t<section class=\"elementor-section elementor-top-section elementor-element elementor-element-481810c1 elementor-section-boxed elementor-section-height-default elementor-section-height-default\" data-id=\"481810c1\" data-element_type=\"section\" data-e-type=\"section\">\n\t\t\t\t\t\t<div class=\"elementor-container elementor-column-gap-default\">\n\t\t\t\t\t<div class=\"elementor-column elementor-col-100 elementor-top-column elementor-element elementor-element-2e43dc22\" data-id=\"2e43dc22\" data-element_type=\"column\" data-e-type=\"column\">\n\t\t\t<div class=\"elementor-widget-wrap elementor-element-populated\">\n\t\t\t\t\t\t<div class=\"elementor-element elementor-element-36b63aac elementor-widget elementor-widget-text-editor\" data-id=\"36b63aac\" data-element_type=\"widget\" data-e-type=\"widget\" data-widget_type=\"text-editor.default\">\n\t\t\t\t<div class=\"elementor-widget-container\">\n\t\t\t\t\t\t\t\t\t<h1>\u00c1iseanna \/ Facilities<\/h1><ul><li>Halla L\u00e9achta\u00ed do sp\u00e1s 90 su\u00edoch\u00e1n<\/li><li>Halla L\u00e9achta\u00ed do sp\u00e1s 70 su\u00edoch\u00e1n<\/li><li>Seomra STEAM i gcomhair 20 &#8211; 25<\/li><li>Leabharlann Acmhainne i gcomhair 20 \u2013 25<\/li><li>\u00c1it do Chruinni\u00fa Neamhfhoirmi\u00fail\/S\u00f3isial\u00fa<\/li><li>Cistin agus Proinnteach<\/li><li>Carrchl\u00f3s do 50 carr<\/li><\/ul><ul><li>Lecture Hall to seat 90<\/li><li>Lecture Hall to seat 70<\/li><li>STEAM Room for 20- 25<\/li><li>Resource Library for 20 &#8211; 25<\/li><li>Informal Meeting\/Social Area<\/li><li>Kitchen and Dinning Area<\/li><li style=\"font-size: 14px;\">Car Park for 50 cars<\/li><\/ul><h1>Seirbh\u00eds\u00ed \/ Services<\/h1><ul><li>F\u00f3tach\u00f3ipe\u00e1il \u2013 Dubh &amp; B\u00e1n agus Dath<\/li><li>Ceangal Leabhar<\/li><li>Lann\u00fa<\/li><li>Cl\u00f3scr\u00edobh<\/li><li>Trealamh a Fh\u00e1il ar Iasacht<\/li><li>Post\u00e1il<\/li><li>Acmhainn ILSA\u00a0 \u2013 Leabhair agus \u00c1bhair<\/li><li>An Tionscnamh N\u00e1isi\u00fanta L\u00e9itheoireachta \u2013 Leabhair Acmhainne<\/li><li>MSc. i mBainist\u00edocht Oideachais \u2013 \u00c1bhar acmhainne ar f\u00e1il<\/li><li>MSc sa Dr\u00e1ma\u00edocht \u2013 \u00c1bhar acmhainne ar f\u00e1il<\/li><li>MSc in I.C.T.\u00a0 \u2013 \u00c1bhar acmhainne ar f\u00e1il<\/li><li>MSc i gCur Chun Cinn na Sl\u00e1inte \u2013 \u00c1bhar acmhainne ar f\u00e1il<\/li><li>Halla\u00ed L\u00e9achta &amp; Seomra\u00ed Gr\u00fapa<\/li><li>Is f\u00e9idir le m\u00fainteoir\u00ed scime\u00e1il ar an Idirl\u00edon agus su\u00edomh idirl\u00edn an Irish Times a chuardach\u00a0<em>saor in aisce<\/em><\/li><\/ul><ul><li>Photocopying &#8211; Black &amp; White and Colour<\/li><li>Book Binding<\/li><li>Laminating<\/li><li>Typing<\/li><li>Loan of Equipment<\/li><li>Mailing<\/li><li>ILSA Resource &#8211; Books and Materials<\/li><li>National Reading Initiative &#8211; Resource Books<\/li><li>MSc. in Educational Management &#8211; Resource material available<\/li><li>MSc in Drama &#8211; Resource material available<\/li><li>MSc in I.C.T.\u00a0 &#8211; Resource material available<\/li><li>MSc in Health Promotion &#8211; Resource material available<\/li><li>Lecture Halls &amp; Group Rooms<\/li><li>Teachers can surf the Internet and search the Irish Times website <i>free of charge<\/i><\/li><\/ul>\t\t\t\t\t\t\t\t<\/div>\n\t\t\t\t<\/div>\n\t\t\t\t\t<\/div>\n\t\t<\/div>\n\t\t\t\t\t<\/div>\n\t\t<\/section>\n\t\t\t\t<\/div>\n\t\t","protected":false},"excerpt":{"rendered":"<p>\u00c1iseanna \/ Facilities Halla L\u00e9achta\u00ed do sp\u00e1s 90 su\u00edoch\u00e1n Halla L\u00e9achta\u00ed do sp\u00e1s 70 su\u00edoch\u00e1n Seomra STEAM i gcomhair 20 &#8211; 25 Leabharlann Acmhainne i gcomhair 20 \u2013 25 \u00c1it do Chruinni\u00fa Neamhfhoirmi\u00fail\/S\u00f3isial\u00fa Cistin agus Proinnteach Carrchl\u00f3s do 50 carr Lecture Hall to seat 90 Lecture Hall to seat 70 STEAM Room for 20- 25<\/p>\n<p class=\"more-link\"><a href=\"https:\/\/metc.ie\/index.php\/facilities-services\/\" class=\"themebutton\">Read More<\/a><\/p>\n","protected":false},"author":6,"featured_media":0,"parent":0,"menu_order":0,"comment_status":"closed","ping_status":"closed","template":"","meta":{"footnotes":""},"categories":[],"tags":[],"class_list":["post-196","page","type-page","status-publish","hentry"],"_links":{"self":[{"href":"https:\/\/metc.ie\/index.php\/wp-json\/wp\/v2\/pages\/196","targetHints":{"allow":["GET"]}}],"collection":[{"href":"https:\/\/metc.ie\/index.php\/wp-json\/wp\/v2\/pages"}],"about":[{"href":"https:\/\/metc.ie\/index.php\/wp-json\/wp\/v2\/types\/page"}],"author":[{"embeddable":true,"href":"https:\/\/metc.ie\/index.php\/wp-json\/wp\/v2\/users\/6"}],"replies":[{"embeddable":true,"href":"https:\/\/metc.ie\/index.php\/wp-json\/wp\/v2\/comments?post=196"}],"version-history":[{"count":16,"href":"https:\/\/metc.ie\/index.php\/wp-json\/wp\/v2\/pages\/196\/revisions"}],"predecessor-version":[{"id":7155,"href":"https:\/\/metc.ie\/index.php\/wp-json\/wp\/v2\/pages\/196\/revisions\/7155"}],"wp:attachment":[{"href":"https:\/\/metc.ie\/index.php\/wp-json\/wp\/v2\/media?parent=196"}],"wp:term":[{"taxonomy":"category","embeddable":true,"href":"https:\/\/metc.ie\/index.php\/wp-json\/wp\/v2\/categories?post=196"},{"taxonomy":"post_tag","embeddable":true,"href":"https:\/\/metc.ie\/index.php\/wp-json\/wp\/v2\/tags?post=196"}],"curies":[{"name":"wp","href":"https:\/\/api.w.org\/{rel}","templated":true}]}}