{"id":206,"date":"2019-01-18T10:36:23","date_gmt":"2019-01-18T10:36:23","guid":{"rendered":"http:\/\/metc.ie\/newsite\/?page_id=206"},"modified":"2025-07-24T13:42:15","modified_gmt":"2025-07-24T13:42:15","slug":"about-us","status":"publish","type":"page","link":"https:\/\/metc.ie\/index.php\/about-us\/","title":{"rendered":"F\u00fainn \/ About Us"},"content":{"rendered":"<div class=\"su-column su-column-size-1-2\"><div class=\"su-column-inner su-u-clearfix su-u-trim\">\n<h1><strong>Sonra\u00ed Teagmh\u00e1la \/ Contact Us<\/strong><\/h1>\n<p><strong>Guth\u00e1n \/ Phone:<\/strong> 047 74000<\/p>\n<p><strong>R\u00edomhphoist \/ E-mail:<\/strong> <a href=\"mailto:info@metc.ie\" target=\"_blank\" rel=\"noopener\">info@metc.ie<\/a><\/p>\n<p>&nbsp;<\/p>\n<p><strong>Na Me\u00e1in Sh\u00f3isialta \/ Social Media:<\/strong><\/p>\n<p>Twitter: <a href=\"https:\/\/twitter.com\/MonaghanEC\">@MonaghanEC<\/a><\/p>\n<p>Facebook: <a href=\"https:\/\/www.facebook.com\/Monaghan-Education-Centre-1497979103778479\/\">MonaghanEC<\/a><\/p>\n<p>Instagram: @<a href=\"https:\/\/www.instagram.com\/monaghanec\/\">monaghanec<\/a><\/p>\n<p>&nbsp;<\/p>\n<p><b>Seoladh \/ Address:<\/b><\/p>\n<p>Cnoc an Chonnaidh, B\u00f3thar Ard Mhacha, Muineach\u00e1n, Co. Mhuineach\u00e1in, H18 E890<\/p>\n<p>Knockaconny, Armagh Road, Monaghan, Co. Monaghan, H18 E890<\/p>\n<p>&nbsp;<\/p>\n<\/div><\/div><div class=\"su-column su-column-size-1-2\"><div class=\"su-column-inner su-u-clearfix su-u-trim\"> or if you prefer please fill in the form below with any recommendations or questions and we will get back to you as soon as possible<br \/>\n<div class=\"wpforms-container wpforms-container-full\" id=\"wpforms-209\"><form id=\"wpforms-form-209\" class=\"wpforms-validate wpforms-form\" data-formid=\"209\" method=\"post\" enctype=\"multipart\/form-data\" action=\"\/index.php\/wp-json\/wp\/v2\/pages\/206\" data-token=\"ea302a1cad40ed930a764891a1310674\" data-token-time=\"1777579823\"><noscript class=\"wpforms-error-noscript\">Please enable JavaScript in your browser to complete this form.<\/noscript><div class=\"wpforms-field-container\"><div id=\"wpforms-209-field_0-container\" class=\"wpforms-field wpforms-field-name\" data-field-id=\"0\"><label class=\"wpforms-field-label\">Name <span class=\"wpforms-required-label\">*<\/span><\/label><div class=\"wpforms-field-row wpforms-field-medium\"><div class=\"wpforms-field-row-block wpforms-first wpforms-one-half\"><input type=\"text\" id=\"wpforms-209-field_0\" class=\"wpforms-field-name-first wpforms-field-required\" name=\"wpforms[fields][0][first]\" required><label for=\"wpforms-209-field_0\" class=\"wpforms-field-sublabel after\">First<\/label><\/div><div class=\"wpforms-field-row-block wpforms-one-half\"><input type=\"text\" id=\"wpforms-209-field_0-last\" class=\"wpforms-field-name-last wpforms-field-required\" name=\"wpforms[fields][0][last]\" required><label for=\"wpforms-209-field_0-last\" class=\"wpforms-field-sublabel after\">Last<\/label><\/div><\/div><\/div><div id=\"wpforms-209-field_1-container\" class=\"wpforms-field wpforms-field-email\" data-field-id=\"1\"><label class=\"wpforms-field-label\" for=\"wpforms-209-field_1\">Email <span class=\"wpforms-required-label\">*<\/span><\/label><input type=\"email\" id=\"wpforms-209-field_1\" class=\"wpforms-field-medium wpforms-field-required\" name=\"wpforms[fields][1]\" spellcheck=\"false\" required><\/div><div id=\"wpforms-209-field_2-container\" class=\"wpforms-field wpforms-field-textarea\" data-field-id=\"2\"><label class=\"wpforms-field-label\" for=\"wpforms-209-field_2\">Questions, Comment or Message <span class=\"wpforms-required-label\">*<\/span><\/label><textarea id=\"wpforms-209-field_2\" class=\"wpforms-field-medium wpforms-field-required\" name=\"wpforms[fields][2]\" required><\/textarea><\/div><\/div><!-- .wpforms-field-container --><div class=\"wpforms-field wpforms-field-hp\"><label for=\"wpforms-209-field-hp\" class=\"wpforms-field-label\">Phone<\/label><input type=\"text\" name=\"wpforms[hp]\" id=\"wpforms-209-field-hp\" class=\"wpforms-field-medium\"><\/div><div class=\"wpforms-recaptcha-container wpforms-is-recaptcha wpforms-is-recaptcha-type-invisible\" ><div class=\"g-recaptcha\" data-sitekey=\"6Ldk14oUAAAAAM_6p_95hDzwiEziSI0xwezUkZNJ\" data-size=\"invisible\"><\/div><\/div><div class=\"wpforms-submit-container\" ><input type=\"hidden\" name=\"wpforms[id]\" value=\"209\"><input type=\"hidden\" name=\"page_title\" value=\"\"><input type=\"hidden\" name=\"page_url\" value=\"https:\/\/metc.ie\/index.php\/wp-json\/wp\/v2\/pages\/206\"><input type=\"hidden\" name=\"url_referer\" value=\"\"><button type=\"submit\" name=\"wpforms[submit]\" id=\"wpforms-submit-209\" class=\"wpforms-submit\" data-alt-text=\"Sending...\" data-submit-text=\"Submit\" aria-live=\"assertive\" value=\"wpforms-submit\">Submit<\/button><\/div><\/form><\/div>  <!-- .wpforms-container --><\/div><\/div>\n","protected":false},"excerpt":{"rendered":"","protected":false},"author":6,"featured_media":0,"parent":0,"menu_order":0,"comment_status":"closed","ping_status":"closed","template":"","meta":{"footnotes":""},"categories":[],"tags":[],"class_list":["post-206","page","type-page","status-publish","hentry"],"_links":{"self":[{"href":"https:\/\/metc.ie\/index.php\/wp-json\/wp\/v2\/pages\/206","targetHints":{"allow":["GET"]}}],"collection":[{"href":"https:\/\/metc.ie\/index.php\/wp-json\/wp\/v2\/pages"}],"about":[{"href":"https:\/\/metc.ie\/index.php\/wp-json\/wp\/v2\/types\/page"}],"author":[{"embeddable":true,"href":"https:\/\/metc.ie\/index.php\/wp-json\/wp\/v2\/users\/6"}],"replies":[{"embeddable":true,"href":"https:\/\/metc.ie\/index.php\/wp-json\/wp\/v2\/comments?post=206"}],"version-history":[{"count":14,"href":"https:\/\/metc.ie\/index.php\/wp-json\/wp\/v2\/pages\/206\/revisions"}],"predecessor-version":[{"id":7149,"href":"https:\/\/metc.ie\/index.php\/wp-json\/wp\/v2\/pages\/206\/revisions\/7149"}],"wp:attachment":[{"href":"https:\/\/metc.ie\/index.php\/wp-json\/wp\/v2\/media?parent=206"}],"wp:term":[{"taxonomy":"category","embeddable":true,"href":"https:\/\/metc.ie\/index.php\/wp-json\/wp\/v2\/categories?post=206"},{"taxonomy":"post_tag","embeddable":true,"href":"https:\/\/metc.ie\/index.php\/wp-json\/wp\/v2\/tags?post=206"}],"curies":[{"name":"wp","href":"https:\/\/api.w.org\/{rel}","templated":true}]}}