{"id":5621,"date":"2023-09-05T17:21:17","date_gmt":"2023-09-05T17:21:17","guid":{"rendered":"https:\/\/metc.ie\/?page_id=5621"},"modified":"2025-04-15T13:36:10","modified_gmt":"2025-04-15T13:36:10","slug":"oide-droichead-induction","status":"publish","type":"page","link":"https:\/\/metc.ie\/index.php\/oide-droichead-induction\/","title":{"rendered":"Oide Droichead Induction"},"content":{"rendered":"\t\t<div data-elementor-type=\"wp-page\" data-elementor-id=\"5621\" class=\"elementor elementor-5621\">\n\t\t\t\t\t\t<section class=\"elementor-section elementor-top-section elementor-element elementor-element-6f4707a5 elementor-section-boxed elementor-section-height-default elementor-section-height-default\" data-id=\"6f4707a5\" data-element_type=\"section\" data-e-type=\"section\">\n\t\t\t\t\t\t<div class=\"elementor-container elementor-column-gap-default\">\n\t\t\t\t\t<div class=\"elementor-column elementor-col-100 elementor-top-column elementor-element elementor-element-494c6035\" data-id=\"494c6035\" data-element_type=\"column\" data-e-type=\"column\">\n\t\t\t<div class=\"elementor-widget-wrap elementor-element-populated\">\n\t\t\t\t\t\t<div class=\"elementor-element elementor-element-60e14b0a elementor-widget__width-initial elementor-widget elementor-widget-text-editor\" data-id=\"60e14b0a\" data-element_type=\"widget\" data-e-type=\"widget\" data-widget_type=\"text-editor.default\">\n\t\t\t\t<div class=\"elementor-widget-container\">\n\t\t\t\t\t\t\t\t\t<p><span style=\"font-size: 18pt; color: #000000;\"><strong>Droichead Cluster Meetings 2024.2025 &#8211; Important Information for NQTs:<\/strong><\/span><\/p><p><span style=\"color: #000000;\"><strong>Cnuaschruinnithe \/ Cluster Meetings<\/strong><\/span><\/p><ul><li><span style=\"color: #000000;\">N\u00ed m\u00f3r do MNCanna p\u00e1irt a ghlacadh i gcnuaschruinni\u00fa \u00e9ags\u00fail amh\u00e1in in aghaidh an t\u00e9arma ar feadh a bpr\u00f3isis Droichead.<\/span><\/li><li><span style=\"color: #000000;\">De r\u00e9ir f\u00e9ilire Cnuaschruinnithe, tabhair faoi deara le do thoil nach mbeidh tuilleadh imeachta\u00ed Cnuaschruinni\u00fa 1 ar f\u00e1il don bhliain acad\u00fail seo.<\/span><\/li><li><span style=\"color: #000000;\">NQTs are required to engage in one cluster meeting per term for the duration of their process.<\/span><\/li><li><span style=\"color: #000000;\">In line with the Cluster Meeting calendar, please note that no further Cluster Meeting 1 events will be available for this academic year.<\/span><\/li><\/ul><p style=\"text-align: justify;\"><span style=\"color: #000000;\"><strong>Cnuaschruinni\u00fa 2 &#8211; T\u00e9arma 3 \/ Cluster Meeting 2 &#8211; Term 3<\/strong><\/span><\/p><table><tbody><tr><td width=\"595\"><p style=\"text-align: left;\">\u00b7\u00a0\u00a0<span style=\"color: #000000;\">\u00a0\u00a0\u00a0\u00a0\u00a0\u00a0 Beidh cl\u00e1r\u00fach\u00e1n le haghaidh Cluster Meeting 2 (CM 2)\/Cnuaschruinni\u00fa 2 (CC 2) oscailte ar an 8 Aibre\u00e1n.<\/span><\/p><p style=\"text-align: left;\"><span style=\"color: #000000;\">\u00b7\u00a0\u00a0\u00a0\u00a0\u00a0\u00a0\u00a0\u00a0 \u00c9asc\u00f3far Cluster Meeting 2\/Cnuaschruinni\u00fa 2 ar l\u00edne ar aon dul leis an <u><a style=\"color: #000000;\" href=\"https:\/\/oide.ie\/wp-content\/uploads\/2023\/10\/Droichead-Cluster-Meeting-Calendar-2024.2025.pdf\">Droichead F\u00e9ilire do Chuascruinnithe.<\/a><\/u><\/span><\/p><p style=\"text-align: left;\"><span style=\"color: #000000;\">\u00b7\u00a0\u00a0\u00a0\u00a0\u00a0\u00a0\u00a0\u00a0 Ba ch\u00f3ir do MNCanna an CM 2\/CC 2 ar mian leo freastal air a roghn\u00fa agus a chur in \u00e1irithe tr\u00edd <u><a style=\"color: #000000;\" href=\"https:\/\/oide-droichead.com\/\">an Mol Riarach\u00e1in L\u00e1rnach.<\/a><\/u><\/span><\/p><p style=\"text-align: left;\"><span style=\"color: #000000;\">\u00b7\u00a0\u00a0\u00a0\u00a0\u00a0\u00a0\u00a0\u00a0 Is \u00e9 an tseachtain dar t\u00fas 12 Bealtaine an tseachtain deiridh a n-\u00e9asc\u00f3far Cluster Meeting 2 (CM 2)\/Chnuaschruinni\u00fa 2 (CC 2) ar l\u00edne. Is f\u00e9idir le MNCanna \u00e1it a chur in \u00e1irithe tr\u00ed <u><a style=\"color: #000000;\" href=\"https:\/\/www.oide-droichead.com\/\">www.oide-droichead.com.<\/a><\/u><\/span><\/p><p style=\"text-align: left;\"><span style=\"color: #000000;\">\u00b7\u00a0\u00a0\u00a0\u00a0\u00a0\u00a0\u00a0\u00a0 F\u00e9adfaidh t\u00fa a bheith cinnte go mbeidh sol\u00e1thar leordh\u00f3thanach cnuaschruinnithe ann chun freastal ar an \u00e9ileamh i dT\u00e9arma 3.<\/span><\/p><p style=\"text-align: left;\"><span style=\"color: #000000;\">\u00b7\u00a0\u00a0\u00a0\u00a0\u00a0\u00a0\u00a0\u00a0 Registration for Cluster Meeting 2 (CM 2)\/Cnuaschruinni\u00fa 2 (CC 2) will open on the 8th of April.<\/span><\/p><p style=\"text-align: left;\"><span style=\"color: #000000;\">\u00b7\u00a0\u00a0\u00a0\u00a0\u00a0\u00a0\u00a0\u00a0 Cluster Meeting 2\/Cnuaschruinni\u00fa 2 events will be facilitated online in line with the <u><a style=\"color: #000000;\" href=\"https:\/\/oide.ie\/wp-content\/uploads\/2023\/10\/Droichead-Cluster-Meeting-Calendar-2024.2025.pdf\">Droichead Cluster Meeting Calendar<\/a><\/u>.<\/span><\/p><p style=\"text-align: left;\"><span style=\"color: #000000;\">\u00b7\u00a0\u00a0\u00a0\u00a0\u00a0\u00a0\u00a0\u00a0 NQTs should select and book the CM 2\/CC 2 that they wish to attend via the <u><a style=\"color: #000000;\" href=\"https:\/\/oide-droichead.com\/\">Central Admin Hub.<\/a><\/u><\/span><\/p><p style=\"text-align: left;\"><span style=\"color: #000000;\">\u00b7\u00a0\u00a0\u00a0\u00a0\u00a0\u00a0\u00a0\u00a0 The final week of\u00a0Cluster Meeting 2 (CM 2)\/Cnuaschruinni\u00fa 2 online facilitation begins w\/c May 12th 2025. NQTs can book a place via <u><a style=\"color: #000000;\" href=\"https:\/\/www.oide-droichead.com\/\">www.oide-droichead.com<\/a><\/u>.<\/span><\/p><p style=\"text-align: left;\"><span style=\"color: #000000;\">\u00b7\u00a0\u00a0\u00a0\u00a0\u00a0\u00a0\u00a0\u00a0 Please be assured that there will be adequate provision of cluster meetings to meet the demand in Term 3.<\/span><\/p><p style=\"text-align: left;\"><span style=\"color: #000000;\"><strong>Cnuaschruinni\u00fa 3 &#8211; T\u00e9arma 3 \/ Cluster Meeting 3 &#8211; Term 3<\/strong><\/span><\/p><ul style=\"text-align: left;\"><li style=\"text-align: left;\"><span style=\"color: #000000;\">Beidh cl\u00e1r\u00fach\u00e1n le haghaidh Cluster Meeting 3 (CM 3)\/Cnuaschruinni\u00fa 3 (CC 3) oscailte ar an 8 Aibre\u00e1n.<\/span><\/li><li style=\"text-align: left;\"><span style=\"color: #000000;\">\u00c9asc\u00f3far Cluster Meeting 3\/Cnuaschruinni\u00fa 3 ar l\u00edne ar aon dul leis an <u><a style=\"color: #000000;\" href=\"https:\/\/oide.ie\/wp-content\/uploads\/2023\/10\/Droichead-Cluster-Meeting-Calendar-2024.2025.pdf\">Droichead F\u00e9ilire do Chuascruinnithe.<\/a><\/u><\/span><\/li><li style=\"text-align: left;\"><span style=\"color: #000000;\">Ba ch\u00f3ir do MNCanna an CM 3\/CC 3 ar mian leo freastal air a roghn\u00fa agus a chur in \u00e1irithe tr\u00edd <u><a style=\"color: #000000;\" href=\"https:\/\/oide-droichead.com\/\">an Mol Riarach\u00e1in L\u00e1rnach.<\/a><\/u><\/span><\/li><li style=\"text-align: left;\"><span style=\"color: #000000;\">Is \u00e9 an tseachtain dar t\u00fas 26 Bealtaine an tseachtain deiridh a n-\u00e9asc\u00f3far Cluster Meeting 3 (CM 3)\u00a0 ar l\u00edne.\u00a0 Is f\u00e9idir le MNCanna \u00e1it a chur in \u00e1irithe tr\u00ed <u><a style=\"color: #000000;\" href=\"https:\/\/www.oide-droichead.com\/\">oide-droichead.com.<\/a><\/u><\/span><\/li><li style=\"text-align: left;\"><span style=\"color: #000000;\">F\u00e9adfaidh t\u00fa a bheith cinnte go mbeidh sol\u00e1thar leordh\u00f3thanach cnuaschruinnithe ann chun freastal ar an \u00e9ileamh i dT\u00e9arma 3.<\/span><\/li><li><span style=\"color: #000000;\">Registration for Cluster Meeting 3 (CM 3)\/Cnuaschruinni\u00fa 3 (CC 3) will open on the 8th of April.<\/span><\/li><li><span style=\"color: #000000;\">Cluster Meeting 3\/Cnuaschruinni\u00fa 3 events will be facilitated online in line with the <u><a style=\"color: #000000;\" href=\"https:\/\/oide.ie\/wp-content\/uploads\/2023\/10\/Droichead-Cluster-Meeting-Calendar-2024.2025.pdf\">Droichead Cluster Meeting Calendar<\/a><\/u>.<\/span><\/li><li><span style=\"color: #000000;\">NQTs should select and book the CM 3\/CC 3 that they wish to attend via the <u><a style=\"color: #000000;\" href=\"https:\/\/oide-droichead.com\/\">Central Admin Hub.<\/a><\/u><\/span><\/li><li><span style=\"color: #000000;\">The final week of\u00a0Cluster Meeting 3 (CM 3) online facilitation begins w\/c May 26th, 2025. NQTs can book a place via <u><a style=\"color: #000000;\" href=\"https:\/\/www.oide-droichead.com\/\">oide-droichead.com<\/a><\/u>.<\/span><\/li><li><span style=\"color: #000000;\">Please be assured that there will be adequate provision of cluster meetings to meet the demand in Term 3.<\/span><\/li><\/ul><\/td><\/tr><\/tbody><\/table>\t\t\t\t\t\t\t\t<\/div>\n\t\t\t\t<\/div>\n\t\t\t\t\t<\/div>\n\t\t<\/div>\n\t\t\t\t\t<\/div>\n\t\t<\/section>\n\t\t\t\t<section class=\"elementor-section elementor-top-section elementor-element elementor-element-62c3a82 elementor-section-boxed elementor-section-height-default elementor-section-height-default\" data-id=\"62c3a82\" data-element_type=\"section\" data-e-type=\"section\">\n\t\t\t\t\t\t<div class=\"elementor-container elementor-column-gap-default\">\n\t\t\t\t\t<div class=\"elementor-column elementor-col-33 elementor-top-column elementor-element elementor-element-a7d224b\" data-id=\"a7d224b\" data-element_type=\"column\" data-e-type=\"column\">\n\t\t\t<div class=\"elementor-widget-wrap elementor-element-populated\">\n\t\t\t\t\t\t<div class=\"elementor-element elementor-element-7a08bd5 elementor-widget elementor-widget-image\" data-id=\"7a08bd5\" data-element_type=\"widget\" data-e-type=\"widget\" data-widget_type=\"image.default\">\n\t\t\t\t<div class=\"elementor-widget-container\">\n\t\t\t\t\t\t\t\t\t\t\t\t\t\t\t\t<a href=\"https:\/\/oide.ie\/\">\n\t\t\t\t\t\t\t<img fetchpriority=\"high\" decoding=\"async\" width=\"768\" height=\"188\" src=\"https:\/\/metc.ie\/wp-content\/uploads\/2023\/09\/Logo-to-use-Oide_Mark_Std_Colour-1-768x188.png\" class=\"attachment-medium_large size-medium_large wp-image-5625\" alt=\"\" srcset=\"https:\/\/metc.ie\/wp-content\/uploads\/2023\/09\/Logo-to-use-Oide_Mark_Std_Colour-1-768x188.png 768w, https:\/\/metc.ie\/wp-content\/uploads\/2023\/09\/Logo-to-use-Oide_Mark_Std_Colour-1-300x73.png 300w, https:\/\/metc.ie\/wp-content\/uploads\/2023\/09\/Logo-to-use-Oide_Mark_Std_Colour-1-1024x251.png 1024w, https:\/\/metc.ie\/wp-content\/uploads\/2023\/09\/Logo-to-use-Oide_Mark_Std_Colour-1-1536x376.png 1536w, https:\/\/metc.ie\/wp-content\/uploads\/2023\/09\/Logo-to-use-Oide_Mark_Std_Colour-1-2048x501.png 2048w\" sizes=\"(max-width: 768px) 100vw, 768px\" \/>\t\t\t\t\t\t\t\t<\/a>\n\t\t\t\t\t\t\t\t\t\t\t\t\t\t\t<\/div>\n\t\t\t\t<\/div>\n\t\t\t\t\t<\/div>\n\t\t<\/div>\n\t\t\t\t<div class=\"elementor-column elementor-col-33 elementor-top-column elementor-element elementor-element-6a5cb5c\" data-id=\"6a5cb5c\" data-element_type=\"column\" data-e-type=\"column\">\n\t\t\t<div class=\"elementor-widget-wrap elementor-element-populated\">\n\t\t\t\t\t\t<div class=\"elementor-element elementor-element-c12e823 elementor-widget elementor-widget-image\" data-id=\"c12e823\" data-element_type=\"widget\" data-e-type=\"widget\" data-widget_type=\"image.default\">\n\t\t\t\t<div class=\"elementor-widget-container\">\n\t\t\t\t\t\t\t\t\t\t\t\t\t\t\t\t<a href=\"https:\/\/esci.ie\/\">\n\t\t\t\t\t\t\t<img decoding=\"async\" width=\"300\" height=\"126\" src=\"https:\/\/metc.ie\/wp-content\/uploads\/2023\/04\/ESCI-Member-Logo-300x126.png\" class=\"attachment-medium size-medium wp-image-5278\" alt=\"\" srcset=\"https:\/\/metc.ie\/wp-content\/uploads\/2023\/04\/ESCI-Member-Logo-300x126.png 300w, https:\/\/metc.ie\/wp-content\/uploads\/2023\/04\/ESCI-Member-Logo-1024x431.png 1024w, https:\/\/metc.ie\/wp-content\/uploads\/2023\/04\/ESCI-Member-Logo-768x323.png 768w, https:\/\/metc.ie\/wp-content\/uploads\/2023\/04\/ESCI-Member-Logo-1536x647.png 1536w, https:\/\/metc.ie\/wp-content\/uploads\/2023\/04\/ESCI-Member-Logo-2048x862.png 2048w\" sizes=\"(max-width: 300px) 100vw, 300px\" \/>\t\t\t\t\t\t\t\t<\/a>\n\t\t\t\t\t\t\t\t\t\t\t\t\t\t\t<\/div>\n\t\t\t\t<\/div>\n\t\t\t\t\t<\/div>\n\t\t<\/div>\n\t\t\t\t<div class=\"elementor-column elementor-col-33 elementor-top-column elementor-element elementor-element-513ae8d\" data-id=\"513ae8d\" data-element_type=\"column\" data-e-type=\"column\">\n\t\t\t<div class=\"elementor-widget-wrap elementor-element-populated\">\n\t\t\t\t\t\t<div class=\"elementor-element elementor-element-1ea71ea elementor-widget elementor-widget-image\" data-id=\"1ea71ea\" data-element_type=\"widget\" data-e-type=\"widget\" data-widget_type=\"image.default\">\n\t\t\t\t<div class=\"elementor-widget-container\">\n\t\t\t\t\t\t\t\t\t\t\t\t\t\t\t\t<a href=\"https:\/\/www.gov.ie\/en\/organisation\/department-of-education\/\">\n\t\t\t\t\t\t\t<img decoding=\"async\" width=\"300\" height=\"100\" src=\"https:\/\/metc.ie\/wp-content\/uploads\/2023\/08\/DES-Image-300x100.png\" class=\"attachment-medium size-medium wp-image-5521\" alt=\"\" srcset=\"https:\/\/metc.ie\/wp-content\/uploads\/2023\/08\/DES-Image-300x100.png 300w, https:\/\/metc.ie\/wp-content\/uploads\/2023\/08\/DES-Image-1024x341.png 1024w, https:\/\/metc.ie\/wp-content\/uploads\/2023\/08\/DES-Image-768x256.png 768w, https:\/\/metc.ie\/wp-content\/uploads\/2023\/08\/DES-Image-1140x380.png 1140w, https:\/\/metc.ie\/wp-content\/uploads\/2023\/08\/DES-Image.png 1200w\" sizes=\"(max-width: 300px) 100vw, 300px\" \/>\t\t\t\t\t\t\t\t<\/a>\n\t\t\t\t\t\t\t\t\t\t\t\t\t\t\t<\/div>\n\t\t\t\t<\/div>\n\t\t\t\t\t<\/div>\n\t\t<\/div>\n\t\t\t\t\t<\/div>\n\t\t<\/section>\n\t\t\t\t<\/div>\n\t\t","protected":false},"excerpt":{"rendered":"<p>Droichead Cluster Meetings 2024.2025 &#8211; Important Information for NQTs: Cnuaschruinnithe \/ Cluster Meetings N\u00ed m\u00f3r do MNCanna p\u00e1irt a ghlacadh i gcnuaschruinni\u00fa \u00e9ags\u00fail amh\u00e1in in aghaidh an t\u00e9arma ar feadh a bpr\u00f3isis Droichead. De r\u00e9ir f\u00e9ilire Cnuaschruinnithe, tabhair faoi deara le do thoil nach mbeidh tuilleadh imeachta\u00ed Cnuaschruinni\u00fa 1 ar f\u00e1il don bhliain acad\u00fail seo.<\/p>\n<p class=\"more-link\"><a href=\"https:\/\/metc.ie\/index.php\/oide-droichead-induction\/\" class=\"themebutton\">Read More<\/a><\/p>\n","protected":false},"author":3,"featured_media":0,"parent":0,"menu_order":0,"comment_status":"closed","ping_status":"closed","template":"","meta":{"footnotes":""},"categories":[],"tags":[],"class_list":["post-5621","page","type-page","status-publish","hentry"],"_links":{"self":[{"href":"https:\/\/metc.ie\/index.php\/wp-json\/wp\/v2\/pages\/5621","targetHints":{"allow":["GET"]}}],"collection":[{"href":"https:\/\/metc.ie\/index.php\/wp-json\/wp\/v2\/pages"}],"about":[{"href":"https:\/\/metc.ie\/index.php\/wp-json\/wp\/v2\/types\/page"}],"author":[{"embeddable":true,"href":"https:\/\/metc.ie\/index.php\/wp-json\/wp\/v2\/users\/3"}],"replies":[{"embeddable":true,"href":"https:\/\/metc.ie\/index.php\/wp-json\/wp\/v2\/comments?post=5621"}],"version-history":[{"count":72,"href":"https:\/\/metc.ie\/index.php\/wp-json\/wp\/v2\/pages\/5621\/revisions"}],"predecessor-version":[{"id":6938,"href":"https:\/\/metc.ie\/index.php\/wp-json\/wp\/v2\/pages\/5621\/revisions\/6938"}],"wp:attachment":[{"href":"https:\/\/metc.ie\/index.php\/wp-json\/wp\/v2\/media?parent=5621"}],"wp:term":[{"taxonomy":"category","embeddable":true,"href":"https:\/\/metc.ie\/index.php\/wp-json\/wp\/v2\/categories?post=5621"},{"taxonomy":"post_tag","embeddable":true,"href":"https:\/\/metc.ie\/index.php\/wp-json\/wp\/v2\/tags?post=5621"}],"curies":[{"name":"wp","href":"https:\/\/api.w.org\/{rel}","templated":true}]}}