{"id":7224,"date":"2025-09-03T10:18:08","date_gmt":"2025-09-03T10:18:08","guid":{"rendered":"https:\/\/metc.ie\/?page_id=7224"},"modified":"2025-10-15T11:53:16","modified_gmt":"2025-10-15T11:53:16","slug":"climate-action-roadmaps","status":"publish","type":"page","link":"https:\/\/metc.ie\/index.php\/climate-action-roadmaps\/","title":{"rendered":"Gn\u00edomh\u00fa aer\u00e1ide \/ Climate Action"},"content":{"rendered":"<p>Please click <a href=\"https:\/\/drive.google.com\/file\/d\/1g_li_qxS1VjgjYMn93TqMEOTNQN01DX8\/view?usp=sharing\">HERE<\/a> to view our Climate Action Plan<\/p>\n","protected":false},"excerpt":{"rendered":"<p>Please click HERE to view our Climate Action Plan<\/p>\n","protected":false},"author":3,"featured_media":0,"parent":0,"menu_order":0,"comment_status":"closed","ping_status":"closed","template":"","meta":{"footnotes":""},"categories":[],"tags":[],"class_list":["post-7224","page","type-page","status-publish","hentry"],"_links":{"self":[{"href":"https:\/\/metc.ie\/index.php\/wp-json\/wp\/v2\/pages\/7224","targetHints":{"allow":["GET"]}}],"collection":[{"href":"https:\/\/metc.ie\/index.php\/wp-json\/wp\/v2\/pages"}],"about":[{"href":"https:\/\/metc.ie\/index.php\/wp-json\/wp\/v2\/types\/page"}],"author":[{"embeddable":true,"href":"https:\/\/metc.ie\/index.php\/wp-json\/wp\/v2\/users\/3"}],"replies":[{"embeddable":true,"href":"https:\/\/metc.ie\/index.php\/wp-json\/wp\/v2\/comments?post=7224"}],"version-history":[{"count":4,"href":"https:\/\/metc.ie\/index.php\/wp-json\/wp\/v2\/pages\/7224\/revisions"}],"predecessor-version":[{"id":7277,"href":"https:\/\/metc.ie\/index.php\/wp-json\/wp\/v2\/pages\/7224\/revisions\/7277"}],"wp:attachment":[{"href":"https:\/\/metc.ie\/index.php\/wp-json\/wp\/v2\/media?parent=7224"}],"wp:term":[{"taxonomy":"category","embeddable":true,"href":"https:\/\/metc.ie\/index.php\/wp-json\/wp\/v2\/categories?post=7224"},{"taxonomy":"post_tag","embeddable":true,"href":"https:\/\/metc.ie\/index.php\/wp-json\/wp\/v2\/tags?post=7224"}],"curies":[{"name":"wp","href":"https:\/\/api.w.org\/{rel}","templated":true}]}}